{"id":1188,"date":"2023-10-06T16:56:52","date_gmt":"2023-10-06T15:56:52","guid":{"rendered":"https:\/\/saramaesnutricion.com\/xerrades-i-tallers\/"},"modified":"2025-11-13T16:08:49","modified_gmt":"2025-11-13T15:08:49","slug":"xerrades-i-tallers","status":"publish","type":"page","link":"https:\/\/saramaesnutricion.com\/ca\/xerrades-i-tallers\/","title":{"rendered":"Col\u00b7laboracions amb marques i empreses"},"content":{"rendered":"\t\t<div data-elementor-type=\"wp-page\" data-elementor-id=\"1188\" class=\"elementor elementor-1188 elementor-1149\" data-elementor-post-type=\"page\">\n\t\t\t\t\t\t<section class=\"elementor-section elementor-top-section elementor-element elementor-element-4be135e0 elementor-section-boxed elementor-section-height-default elementor-section-height-default\" data-id=\"4be135e0\" data-element_type=\"section\" data-settings=\"{&quot;background_background&quot;:&quot;classic&quot;}\">\n\t\t\t\t\t\t<div class=\"elementor-container elementor-column-gap-default\">\n\t\t\t\t\t<div class=\"elementor-column elementor-col-100 elementor-top-column elementor-element elementor-element-4c663544\" data-id=\"4c663544\" data-element_type=\"column\">\n\t\t\t<div class=\"elementor-widget-wrap elementor-element-populated\">\n\t\t\t\t\t\t<div class=\"elementor-element elementor-element-7cab4b9b elementor-widget elementor-widget-heading\" data-id=\"7cab4b9b\" data-element_type=\"widget\" data-widget_type=\"heading.default\">\n\t\t\t\t<div class=\"elementor-widget-container\">\n\t\t\t\t\t<h2 class=\"elementor-heading-title elementor-size-default\">Serveis<\/h2>\t\t\t\t<\/div>\n\t\t\t\t<\/div>\n\t\t\t\t\t<\/div>\n\t\t<\/div>\n\t\t\t\t\t<\/div>\n\t\t<\/section>\n\t\t\t\t<section class=\"elementor-section elementor-top-section elementor-element elementor-element-db7119e elementor-section-boxed elementor-section-height-default elementor-section-height-default\" data-id=\"db7119e\" data-element_type=\"section\" data-settings=\"{&quot;background_background&quot;:&quot;classic&quot;}\">\n\t\t\t\t\t\t<div class=\"elementor-container elementor-column-gap-default\">\n\t\t\t\t\t<div class=\"elementor-column elementor-col-50 elementor-top-column elementor-element elementor-element-2048e5f\" data-id=\"2048e5f\" data-element_type=\"column\">\n\t\t\t<div class=\"elementor-widget-wrap elementor-element-populated\">\n\t\t\t\t\t\t<div class=\"elementor-element elementor-element-429039e elementor-widget__width-initial elementor-widget elementor-widget-heading\" data-id=\"429039e\" data-element_type=\"widget\" data-widget_type=\"heading.default\">\n\t\t\t\t<div class=\"elementor-widget-container\">\n\t\t\t\t\t<h2 class=\"elementor-heading-title elementor-size-default\">Col\u00b7laboracions amb marques i empreses d'alimentaci\u00f3, nutrici\u00f3 i benestar<\/h2>\t\t\t\t<\/div>\n\t\t\t\t<\/div>\n\t\t\t\t<div class=\"elementor-element elementor-element-8103ab5 elementor-widget elementor-widget-text-editor\" data-id=\"8103ab5\" data-element_type=\"widget\" data-widget_type=\"text-editor.default\">\n\t\t\t\t<div class=\"elementor-widget-container\">\n\t\t\t\t\t\t\t\t\t<p>Col\u00b7laboro amb marques, mitjans de comunicaci\u00f3 i empreses en projectes relacionats amb la nutrici\u00f3, la salut i el benestar.<br data-start=\"337\" data-end=\"340\">El meu objectiu \u00e9s transmetre informaci\u00f3 <strong data-start=\"378\" data-end=\"409\">clara, rigorosa i atractiva<\/strong>, que connecti amb el p\u00fablic i aporti valor a cada organitzaci\u00f3.<\/p>\t\t\t\t\t\t\t\t<\/div>\n\t\t\t\t<\/div>\n\t\t\t\t<div class=\"elementor-element elementor-element-a1cf896 elementor-widget elementor-widget-text-editor\" data-id=\"a1cf896\" data-element_type=\"widget\" data-widget_type=\"text-editor.default\">\n\t\t\t\t<div class=\"elementor-widget-container\">\n\t\t\t\t\t\t\t\t\t<p><span style=\"text-decoration: underline;\"><strong>Formes de col\u00b7laboraci\u00f3<\/strong><\/span><\/p><ul><li data-start=\"506\" data-end=\"617\"><p data-start=\"508\" data-end=\"617\"><strong data-start=\"511\" data-end=\"539\">Esdeveniments i presentacions<\/strong> \u2192 xerrades, tallers, showcookings i confer\u00e8ncies per a clients o empleats.<\/p><\/li><li data-start=\"618\" data-end=\"722\"><p data-start=\"620\" data-end=\"722\"><strong data-start=\"623\" data-end=\"656\">Creaci\u00f3 de contingut digital <\/strong>\u2192 articles, receptes, posts i reels per a webs i xarxes socials.<\/p><\/li><li data-start=\"723\" data-end=\"818\"><p data-start=\"725\" data-end=\"818\"><strong data-start=\"728\" data-end=\"753\">Aparicions en mitjans <\/strong>\u2192 entrevistes, podcasts, col\u00b7laboracions a r\u00e0dio i televisi\u00f3.<\/p><\/li><li data-start=\"723\" data-end=\"818\"><p data-start=\"725\" data-end=\"818\"><strong data-start=\"824\" data-end=\"853\">Consultoria per a empreses <\/strong>\u2192 assessorament en projectes de benestar corporatiu i salut laboral.<\/p><\/li><\/ul>\t\t\t\t\t\t\t\t<\/div>\n\t\t\t\t<\/div>\n\t\t\t\t<div class=\"elementor-element elementor-element-5b44dbf elementor-widget elementor-widget-text-editor\" data-id=\"5b44dbf\" data-element_type=\"widget\" data-widget_type=\"text-editor.default\">\n\t\t\t\t<div class=\"elementor-widget-container\">\n\t\t\t\t\t\t\t\t\t<p><span style=\"text-decoration: underline;\"><strong>Beneficis per a la teva marca o empresa<\/strong><\/span><\/p><p data-start=\"971\" data-end=\"1026\">\u2705 Contingut rigor\u00f3s, basat en evid\u00e8ncia cient\u00edfica.<\/p><p data-start=\"1029\" data-end=\"1082\">\u2705 Comunicaci\u00f3 propera i adaptada a cada audi\u00e8ncia.<\/p><p data-start=\"1085\" data-end=\"1158\">\u2705 Major credibilitat i engagement en projectes de salut i alimentaci\u00f3.<\/p>\t\t\t\t\t\t\t\t<\/div>\n\t\t\t\t<\/div>\n\t\t\t\t\t<\/div>\n\t\t<\/div>\n\t\t\t\t<div class=\"elementor-column elementor-col-50 elementor-top-column elementor-element elementor-element-f32bdb5\" data-id=\"f32bdb5\" data-element_type=\"column\">\n\t\t\t<div class=\"elementor-widget-wrap elementor-element-populated\">\n\t\t\t\t\t\t<div class=\"elementor-element elementor-element-2ed580d elementor-widget elementor-widget-image\" data-id=\"2ed580d\" data-element_type=\"widget\" data-widget_type=\"image.default\">\n\t\t\t\t<div class=\"elementor-widget-container\">\n\t\t\t\t\t\t\t\t\t\t\t\t\t\t\t<img fetchpriority=\"high\" decoding=\"async\" width=\"1707\" height=\"2560\" src=\"https:\/\/saramaesnutricion.com\/wp-content\/uploads\/2025\/09\/3E8A0033-scaled.jpg\" class=\"attachment-full size-full wp-image-2942\" alt=\"Nutricionista cl\u00ednica y deportiva\" srcset=\"https:\/\/saramaesnutricion.com\/wp-content\/uploads\/2025\/09\/3E8A0033-scaled.jpg 1707w, https:\/\/saramaesnutricion.com\/wp-content\/uploads\/2025\/09\/3E8A0033-200x300.jpg 200w, https:\/\/saramaesnutricion.com\/wp-content\/uploads\/2025\/09\/3E8A0033-683x1024.jpg 683w, https:\/\/saramaesnutricion.com\/wp-content\/uploads\/2025\/09\/3E8A0033-768x1152.jpg 768w, https:\/\/saramaesnutricion.com\/wp-content\/uploads\/2025\/09\/3E8A0033-1024x1536.jpg 1024w, https:\/\/saramaesnutricion.com\/wp-content\/uploads\/2025\/09\/3E8A0033-1365x2048.jpg 1365w\" sizes=\"(max-width: 1707px) 100vw, 1707px\" \/>\t\t\t\t\t\t\t\t\t\t\t\t\t\t\t<\/div>\n\t\t\t\t<\/div>\n\t\t\t\t\t<\/div>\n\t\t<\/div>\n\t\t\t\t\t<\/div>\n\t\t<\/section>\n\t\t\t\t<section class=\"elementor-section elementor-top-section elementor-element elementor-element-69a7b4c8 elementor-section-boxed elementor-section-height-default elementor-section-height-default\" data-id=\"69a7b4c8\" data-element_type=\"section\" data-settings=\"{&quot;background_background&quot;:&quot;classic&quot;}\">\n\t\t\t\t\t\t<div class=\"elementor-container elementor-column-gap-default\">\n\t\t\t\t\t<div class=\"elementor-column elementor-col-50 elementor-top-column elementor-element elementor-element-50cb1807\" data-id=\"50cb1807\" data-element_type=\"column\">\n\t\t\t<div class=\"elementor-widget-wrap elementor-element-populated\">\n\t\t\t\t\t\t<div class=\"elementor-element elementor-element-76e18978 elementor-widget elementor-widget-heading\" data-id=\"76e18978\" data-element_type=\"widget\" data-widget_type=\"heading.default\">\n\t\t\t\t<div class=\"elementor-widget-container\">\n\t\t\t\t\t<h2 class=\"elementor-heading-title elementor-size-default\"><img decoding=\"async\" role=\"img\" class=\"emoji\" alt=\"\ud83d\udce9\" src=\"https:\/\/s.w.org\/images\/core\/emoji\/16.0.1\/svg\/1f4e9.svg\"> Si la vostra empresa o marca vol col\u00b7laborar, estar\u00e9 encantada d'escoltar la vostra proposta. <\/h2>\t\t\t\t<\/div>\n\t\t\t\t<\/div>\n\t\t\t\t<div class=\"elementor-element elementor-element-3b26ac5 elementor-widget__width-initial elementor-widget-mobile__width-initial elementor-widget elementor-widget-heading\" data-id=\"3b26ac5\" data-element_type=\"widget\" data-widget_type=\"heading.default\">\n\t\t\t\t<div class=\"elementor-widget-container\">\n\t\t\t\t\t<h2 class=\"elementor-heading-title elementor-size-default\"><a href=\"mailto:info@saramaes.com\">Prefereixes escriure'm directament? <br>contacto@saramaesnutricion.com<\/a><\/h2>\t\t\t\t<\/div>\n\t\t\t\t<\/div>\n\t\t\t\t\t<\/div>\n\t\t<\/div>\n\t\t\t\t<div class=\"elementor-column elementor-col-50 elementor-top-column elementor-element elementor-element-471c0aaf\" data-id=\"471c0aaf\" data-element_type=\"column\">\n\t\t\t<div class=\"elementor-widget-wrap elementor-element-populated\">\n\t\t\t\t\t\t<div class=\"elementor-element elementor-element-1f8a5bce elementor-align-right elementor-widget elementor-widget-button\" data-id=\"1f8a5bce\" data-element_type=\"widget\" data-widget_type=\"button.default\">\n\t\t\t\t<div class=\"elementor-widget-container\">\n\t\t\t\t\t\t\t\t\t<div class=\"elementor-button-wrapper\">\n\t\t\t\t\t<a class=\"elementor-button elementor-button-link elementor-size-sm\" href=\"https:\/\/saramaesnutricion.com\/ca\/contacte\/\">\n\t\t\t\t\t\t<span class=\"elementor-button-content-wrapper\">\n\t\t\t\t\t\t\t\t\t<span class=\"elementor-button-text\">Sol\u00b7licitar col\u00b7laboraci\u00f3<\/span>\n\t\t\t\t\t<\/span>\n\t\t\t\t\t<\/a>\n\t\t\t\t<\/div>\n\t\t\t\t\t\t\t\t<\/div>\n\t\t\t\t<\/div>\n\t\t\t\t\t<\/div>\n\t\t<\/div>\n\t\t\t\t\t<\/div>\n\t\t<\/section>\n\t\t\t\t<\/div>\n\t\t","protected":false},"excerpt":{"rendered":"<p>Serveis Col\u00b7laboracions amb marques i empreses d&#8217;alimentaci\u00f3, nutrici\u00f3 i benestar Col\u00b7laboro amb marques, mitjans de comunicaci\u00f3 i empreses en projectes relacionats amb la nutrici\u00f3, la salut i el benestar.El meu objectiu \u00e9s transmetre informaci\u00f3 clara, rigorosa i atractiva, que connecti amb el p\u00fablic i aporti valor a cada organitzaci\u00f3. Formes de col\u00b7laboraci\u00f3 Esdeveniments i presentacions [&hellip;]<\/p>\n","protected":false},"author":1,"featured_media":0,"parent":0,"menu_order":0,"comment_status":"closed","ping_status":"closed","template":"","meta":{"footnotes":""},"class_list":["post-1188","page","type-page","status-publish","hentry"],"yoast_head":"<!-- This site is optimized with the Yoast SEO plugin v26.8 - https:\/\/yoast.com\/product\/yoast-seo-wordpress\/ -->\n<title>Col\u00b7laboracions amb marques i empreses - Nutricionista online y presencial<\/title>\n<meta name=\"description\" content=\"Col\u00b7laboro amb marques, mitjans i empreses en alimentaci\u00f3, nutrici\u00f3 i benestar. Xerrades, tallers, continguts digitals i projectes corporatius a Barcelona i en l\u00ednia.\" \/>\n<meta name=\"robots\" content=\"index, follow, max-snippet:-1, max-image-preview:large, max-video-preview:-1\" \/>\n<link rel=\"canonical\" href=\"https:\/\/saramaesnutricion.com\/ca\/xerrades-i-tallers\/\" \/>\n<meta property=\"og:locale\" content=\"ca_ES\" \/>\n<meta property=\"og:type\" content=\"article\" \/>\n<meta property=\"og:title\" content=\"Col\u00b7laboracions amb marques i empreses - Nutricionista online y presencial\" \/>\n<meta property=\"og:description\" content=\"Col\u00b7laboro amb marques, mitjans i empreses en alimentaci\u00f3, nutrici\u00f3 i benestar. Xerrades, tallers, continguts digitals i projectes corporatius a Barcelona i en l\u00ednia.\" \/>\n<meta property=\"og:url\" content=\"https:\/\/saramaesnutricion.com\/ca\/xerrades-i-tallers\/\" \/>\n<meta property=\"og:site_name\" content=\"Nutricionista online y presencial\" \/>\n<meta property=\"article:publisher\" content=\"https:\/\/www.facebook.com\/SaramartinezDN\/yoast\" \/>\n<meta property=\"article:modified_time\" content=\"2025-11-13T15:08:49+00:00\" \/>\n<meta property=\"og:image\" content=\"https:\/\/saramaesnutricion.com\/wp-content\/uploads\/2025\/09\/3E8A0033-scaled.jpg\" \/>\n\t<meta property=\"og:image:width\" content=\"1707\" \/>\n\t<meta property=\"og:image:height\" content=\"2560\" \/>\n\t<meta property=\"og:image:type\" content=\"image\/jpeg\" \/>\n<meta name=\"twitter:card\" content=\"summary_large_image\" \/>\n<meta name=\"twitter:label1\" content=\"Temps estimat de lectura\" \/>\n\t<meta name=\"twitter:data1\" content=\"1 minut\" \/>\n<script type=\"application\/ld+json\" class=\"yoast-schema-graph\">{\"@context\":\"https:\/\/schema.org\",\"@graph\":[{\"@type\":\"WebPage\",\"@id\":\"https:\/\/saramaesnutricion.com\/ca\/xerrades-i-tallers\/\",\"url\":\"https:\/\/saramaesnutricion.com\/ca\/xerrades-i-tallers\/\",\"name\":\"Col\u00b7laboracions amb marques i empreses - Nutricionista online y presencial\",\"isPartOf\":{\"@id\":\"https:\/\/saramaesnutricion.com\/ca\/#website\"},\"primaryImageOfPage\":{\"@id\":\"https:\/\/saramaesnutricion.com\/ca\/xerrades-i-tallers\/#primaryimage\"},\"image\":{\"@id\":\"https:\/\/saramaesnutricion.com\/ca\/xerrades-i-tallers\/#primaryimage\"},\"thumbnailUrl\":\"https:\/\/saramaesnutricion.com\/wp-content\/uploads\/2025\/09\/3E8A0033-scaled.jpg\",\"datePublished\":\"2023-10-06T15:56:52+00:00\",\"dateModified\":\"2025-11-13T15:08:49+00:00\",\"description\":\"Col\u00b7laboro amb marques, mitjans i empreses en alimentaci\u00f3, nutrici\u00f3 i benestar. Xerrades, tallers, continguts digitals i projectes corporatius a Barcelona i en l\u00ednia.\",\"breadcrumb\":{\"@id\":\"https:\/\/saramaesnutricion.com\/ca\/xerrades-i-tallers\/#breadcrumb\"},\"inLanguage\":\"ca\",\"potentialAction\":[{\"@type\":\"ReadAction\",\"target\":[\"https:\/\/saramaesnutricion.com\/ca\/xerrades-i-tallers\/\"]}]},{\"@type\":\"ImageObject\",\"inLanguage\":\"ca\",\"@id\":\"https:\/\/saramaesnutricion.com\/ca\/xerrades-i-tallers\/#primaryimage\",\"url\":\"https:\/\/saramaesnutricion.com\/wp-content\/uploads\/2025\/09\/3E8A0033-scaled.jpg\",\"contentUrl\":\"https:\/\/saramaesnutricion.com\/wp-content\/uploads\/2025\/09\/3E8A0033-scaled.jpg\"},{\"@type\":\"BreadcrumbList\",\"@id\":\"https:\/\/saramaesnutricion.com\/ca\/xerrades-i-tallers\/#breadcrumb\",\"itemListElement\":[{\"@type\":\"ListItem\",\"position\":1,\"name\":\"Portada\",\"item\":\"https:\/\/saramaesnutricion.com\/ca\/nutricionista-online-i-presencial\/\"},{\"@type\":\"ListItem\",\"position\":2,\"name\":\"Col\u00b7laboracions amb marques i empreses\"}]},{\"@type\":\"WebSite\",\"@id\":\"https:\/\/saramaesnutricion.com\/ca\/#website\",\"url\":\"https:\/\/saramaesnutricion.com\/ca\/\",\"name\":\"SARAMAESNUTRICION\",\"description\":\"\",\"publisher\":{\"@id\":\"https:\/\/saramaesnutricion.com\/ca\/#organization\"},\"potentialAction\":[{\"@type\":\"SearchAction\",\"target\":{\"@type\":\"EntryPoint\",\"urlTemplate\":\"https:\/\/saramaesnutricion.com\/ca\/?s={search_term_string}\"},\"query-input\":{\"@type\":\"PropertyValueSpecification\",\"valueRequired\":true,\"valueName\":\"search_term_string\"}}],\"inLanguage\":\"ca\"},{\"@type\":\"Organization\",\"@id\":\"https:\/\/saramaesnutricion.com\/ca\/#organization\",\"name\":\"SARAMAESNUTRICION\",\"url\":\"https:\/\/saramaesnutricion.com\/ca\/\",\"logo\":{\"@type\":\"ImageObject\",\"inLanguage\":\"ca\",\"@id\":\"https:\/\/saramaesnutricion.com\/ca\/#\/schema\/logo\/image\/\",\"url\":\"https:\/\/saramaesnutricion.com\/wp-content\/uploads\/2023\/09\/logo_512.webp\",\"contentUrl\":\"https:\/\/saramaesnutricion.com\/wp-content\/uploads\/2023\/09\/logo_512.webp\",\"width\":512,\"height\":512,\"caption\":\"SARAMAESNUTRICION\"},\"image\":{\"@id\":\"https:\/\/saramaesnutricion.com\/ca\/#\/schema\/logo\/image\/\"},\"sameAs\":[\"https:\/\/www.facebook.com\/SaramartinezDN\/yoast\",\"https:\/\/www.instagram.com\/lanutricion_insta\/yoast\",\"https:\/\/www.linkedin.com\/in\/sara-martnez-esteban-\/yoast\"]}]}<\/script>\n<!-- \/ Yoast SEO plugin. -->","yoast_head_json":{"title":"Col\u00b7laboracions amb marques i empreses - Nutricionista online y presencial","description":"Col\u00b7laboro amb marques, mitjans i empreses en alimentaci\u00f3, nutrici\u00f3 i benestar. Xerrades, tallers, continguts digitals i projectes corporatius a Barcelona i en l\u00ednia.","robots":{"index":"index","follow":"follow","max-snippet":"max-snippet:-1","max-image-preview":"max-image-preview:large","max-video-preview":"max-video-preview:-1"},"canonical":"https:\/\/saramaesnutricion.com\/ca\/xerrades-i-tallers\/","og_locale":"ca_ES","og_type":"article","og_title":"Col\u00b7laboracions amb marques i empreses - Nutricionista online y presencial","og_description":"Col\u00b7laboro amb marques, mitjans i empreses en alimentaci\u00f3, nutrici\u00f3 i benestar. Xerrades, tallers, continguts digitals i projectes corporatius a Barcelona i en l\u00ednia.","og_url":"https:\/\/saramaesnutricion.com\/ca\/xerrades-i-tallers\/","og_site_name":"Nutricionista online y presencial","article_publisher":"https:\/\/www.facebook.com\/SaramartinezDN\/yoast","article_modified_time":"2025-11-13T15:08:49+00:00","og_image":[{"width":1707,"height":2560,"url":"https:\/\/saramaesnutricion.com\/wp-content\/uploads\/2025\/09\/3E8A0033-scaled.jpg","type":"image\/jpeg"}],"twitter_card":"summary_large_image","twitter_misc":{"Temps estimat de lectura":"1 minut"},"schema":{"@context":"https:\/\/schema.org","@graph":[{"@type":"WebPage","@id":"https:\/\/saramaesnutricion.com\/ca\/xerrades-i-tallers\/","url":"https:\/\/saramaesnutricion.com\/ca\/xerrades-i-tallers\/","name":"Col\u00b7laboracions amb marques i empreses - Nutricionista online y presencial","isPartOf":{"@id":"https:\/\/saramaesnutricion.com\/ca\/#website"},"primaryImageOfPage":{"@id":"https:\/\/saramaesnutricion.com\/ca\/xerrades-i-tallers\/#primaryimage"},"image":{"@id":"https:\/\/saramaesnutricion.com\/ca\/xerrades-i-tallers\/#primaryimage"},"thumbnailUrl":"https:\/\/saramaesnutricion.com\/wp-content\/uploads\/2025\/09\/3E8A0033-scaled.jpg","datePublished":"2023-10-06T15:56:52+00:00","dateModified":"2025-11-13T15:08:49+00:00","description":"Col\u00b7laboro amb marques, mitjans i empreses en alimentaci\u00f3, nutrici\u00f3 i benestar. Xerrades, tallers, continguts digitals i projectes corporatius a Barcelona i en l\u00ednia.","breadcrumb":{"@id":"https:\/\/saramaesnutricion.com\/ca\/xerrades-i-tallers\/#breadcrumb"},"inLanguage":"ca","potentialAction":[{"@type":"ReadAction","target":["https:\/\/saramaesnutricion.com\/ca\/xerrades-i-tallers\/"]}]},{"@type":"ImageObject","inLanguage":"ca","@id":"https:\/\/saramaesnutricion.com\/ca\/xerrades-i-tallers\/#primaryimage","url":"https:\/\/saramaesnutricion.com\/wp-content\/uploads\/2025\/09\/3E8A0033-scaled.jpg","contentUrl":"https:\/\/saramaesnutricion.com\/wp-content\/uploads\/2025\/09\/3E8A0033-scaled.jpg"},{"@type":"BreadcrumbList","@id":"https:\/\/saramaesnutricion.com\/ca\/xerrades-i-tallers\/#breadcrumb","itemListElement":[{"@type":"ListItem","position":1,"name":"Portada","item":"https:\/\/saramaesnutricion.com\/ca\/nutricionista-online-i-presencial\/"},{"@type":"ListItem","position":2,"name":"Col\u00b7laboracions amb marques i empreses"}]},{"@type":"WebSite","@id":"https:\/\/saramaesnutricion.com\/ca\/#website","url":"https:\/\/saramaesnutricion.com\/ca\/","name":"SARAMAESNUTRICION","description":"","publisher":{"@id":"https:\/\/saramaesnutricion.com\/ca\/#organization"},"potentialAction":[{"@type":"SearchAction","target":{"@type":"EntryPoint","urlTemplate":"https:\/\/saramaesnutricion.com\/ca\/?s={search_term_string}"},"query-input":{"@type":"PropertyValueSpecification","valueRequired":true,"valueName":"search_term_string"}}],"inLanguage":"ca"},{"@type":"Organization","@id":"https:\/\/saramaesnutricion.com\/ca\/#organization","name":"SARAMAESNUTRICION","url":"https:\/\/saramaesnutricion.com\/ca\/","logo":{"@type":"ImageObject","inLanguage":"ca","@id":"https:\/\/saramaesnutricion.com\/ca\/#\/schema\/logo\/image\/","url":"https:\/\/saramaesnutricion.com\/wp-content\/uploads\/2023\/09\/logo_512.webp","contentUrl":"https:\/\/saramaesnutricion.com\/wp-content\/uploads\/2023\/09\/logo_512.webp","width":512,"height":512,"caption":"SARAMAESNUTRICION"},"image":{"@id":"https:\/\/saramaesnutricion.com\/ca\/#\/schema\/logo\/image\/"},"sameAs":["https:\/\/www.facebook.com\/SaramartinezDN\/yoast","https:\/\/www.instagram.com\/lanutricion_insta\/yoast","https:\/\/www.linkedin.com\/in\/sara-martnez-esteban-\/yoast"]}]}},"_links":{"self":[{"href":"https:\/\/saramaesnutricion.com\/ca\/wp-json\/wp\/v2\/pages\/1188","targetHints":{"allow":["GET"]}}],"collection":[{"href":"https:\/\/saramaesnutricion.com\/ca\/wp-json\/wp\/v2\/pages"}],"about":[{"href":"https:\/\/saramaesnutricion.com\/ca\/wp-json\/wp\/v2\/types\/page"}],"author":[{"embeddable":true,"href":"https:\/\/saramaesnutricion.com\/ca\/wp-json\/wp\/v2\/users\/1"}],"replies":[{"embeddable":true,"href":"https:\/\/saramaesnutricion.com\/ca\/wp-json\/wp\/v2\/comments?post=1188"}],"version-history":[{"count":2,"href":"https:\/\/saramaesnutricion.com\/ca\/wp-json\/wp\/v2\/pages\/1188\/revisions"}],"predecessor-version":[{"id":3185,"href":"https:\/\/saramaesnutricion.com\/ca\/wp-json\/wp\/v2\/pages\/1188\/revisions\/3185"}],"wp:attachment":[{"href":"https:\/\/saramaesnutricion.com\/ca\/wp-json\/wp\/v2\/media?parent=1188"}],"curies":[{"name":"wp","href":"https:\/\/api.w.org\/{rel}","templated":true}]}}